{"id":447,"date":"2021-08-06T16:42:39","date_gmt":"2021-08-06T19:42:39","guid":{"rendered":"https:\/\/microvision-software.com.ar\/?page_id=447"},"modified":"2026-03-09T17:12:06","modified_gmt":"2026-03-09T20:12:06","slug":"soporte-remoto","status":"publish","type":"page","link":"https:\/\/microvision-software.com\/en\/soporte-remoto\/","title":{"rendered":"Remote Support"},"content":{"rendered":"\t\t<div data-elementor-type=\"wp-page\" data-elementor-id=\"447\" class=\"elementor elementor-447\" data-elementor-post-type=\"page\">\n\t\t\t\t\t\t<section class=\"elementor-section elementor-top-section elementor-element elementor-element-ddabaec elementor-section-height-min-height elementor-section-boxed elementor-section-height-default elementor-section-items-middle\" data-id=\"ddabaec\" data-element_type=\"section\" data-e-type=\"section\" data-settings=\"{&quot;background_background&quot;:&quot;slideshow&quot;,&quot;shape_divider_bottom&quot;:&quot;opacity-tilt&quot;,&quot;background_slideshow_gallery&quot;:[{&quot;id&quot;:4974,&quot;url&quot;:&quot;http:\\\/\\\/microvision-software.com.ar\\\/wp-content\\\/uploads\\\/2021\\\/08\\\/07H1uW2OzdV7hzY7iTqnQYc-4..1569487191.jpg&quot;}],&quot;background_slideshow_loop&quot;:&quot;yes&quot;,&quot;background_slideshow_slide_duration&quot;:5000,&quot;background_slideshow_slide_transition&quot;:&quot;fade&quot;,&quot;background_slideshow_transition_duration&quot;:500}\">\n\t\t\t\t\t\t\t<div class=\"elementor-background-overlay\"><\/div>\n\t\t\t\t\t\t<div class=\"elementor-shape elementor-shape-bottom\" aria-hidden=\"true\" data-negative=\"false\">\n\t\t\t<svg xmlns=\"http:\/\/www.w3.org\/2000\/svg\" viewBox=\"0 0 2600 131.1\" preserveAspectRatio=\"none\">\n\t<path class=\"elementor-shape-fill\" d=\"M0 0L2600 0 2600 69.1 0 0z\"\/>\n\t<path class=\"elementor-shape-fill\" style=\"opacity:0.5\" d=\"M0 0L2600 0 2600 69.1 0 69.1z\"\/>\n\t<path class=\"elementor-shape-fill\" style=\"opacity:0.25\" d=\"M2600 0L0 0 0 130.1 2600 69.1z\"\/>\n<\/svg>\t\t<\/div>\n\t\t\t\t\t<div class=\"elementor-container elementor-column-gap-default\">\n\t\t\t\t\t<div class=\"elementor-column elementor-col-100 elementor-top-column elementor-element elementor-element-3533fae\" data-id=\"3533fae\" data-element_type=\"column\" data-e-type=\"column\">\n\t\t\t<div class=\"elementor-widget-wrap elementor-element-populated\">\n\t\t\t\t\t\t<div class=\"elementor-element elementor-element-14bfdbf elementor-view-stacked elementor-shape-circle elementor-position-block-start elementor-mobile-position-block-start elementor-widget elementor-widget-icon-box\" data-id=\"14bfdbf\" data-element_type=\"widget\" data-e-type=\"widget\" data-widget_type=\"icon-box.default\">\n\t\t\t\t<div class=\"elementor-widget-container\">\n\t\t\t\t\t\t\t<div class=\"elementor-icon-box-wrapper\">\n\n\t\t\t\t\t\t<div class=\"elementor-icon-box-icon\">\n\t\t\t\t<span  class=\"elementor-icon\">\n\t\t\t\t<i aria-hidden=\"true\" class=\"fas fa-cogs\"><\/i>\t\t\t\t<\/span>\n\t\t\t<\/div>\n\t\t\t\n\t\t\t\t\t\t<div class=\"elementor-icon-box-content\">\n\n\t\t\t\t\t\t\t\t\t<h3 class=\"elementor-icon-box-title\">\n\t\t\t\t\t\t<span  >\n\t\t\t\t\t\t\tSOPORTE ONLINE\t\t\t\t\t\t<\/span>\n\t\t\t\t\t<\/h3>\n\t\t\t\t\n\t\t\t\t\t\t\t\t\t<p class=\"elementor-icon-box-description\">\n\t\t\t\t\t\tBrindamos atenci\u00f3n t\u00e9cnica online a todos nuestros clientes\t\t\t\t\t<\/p>\n\t\t\t\t\n\t\t\t<\/div>\n\t\t\t\n\t\t<\/div>\n\t\t\t\t\t\t<\/div>\n\t\t\t\t<\/div>\n\t\t\t\t\t<\/div>\n\t\t<\/div>\n\t\t\t\t\t<\/div>\n\t\t<\/section>\n\t\t\t\t<section class=\"elementor-section elementor-top-section elementor-element elementor-element-6798cc7 elementor-section-boxed elementor-section-height-default elementor-section-height-default\" data-id=\"6798cc7\" data-element_type=\"section\" data-e-type=\"section\">\n\t\t\t\t\t\t<div class=\"elementor-container elementor-column-gap-default\">\n\t\t\t\t\t<div class=\"elementor-column elementor-col-50 elementor-top-column elementor-element elementor-element-3b11ec3\" data-id=\"3b11ec3\" data-element_type=\"column\" data-e-type=\"column\">\n\t\t\t<div class=\"elementor-widget-wrap elementor-element-populated\">\n\t\t\t\t\t\t<div class=\"elementor-element elementor-element-8732e10 elementor-widget__width-initial elementor-widget elementor-widget-text-editor\" data-id=\"8732e10\" data-element_type=\"widget\" data-e-type=\"widget\" data-widget_type=\"text-editor.default\">\n\t\t\t\t<div class=\"elementor-widget-container\">\n\t\t\t\t\t\t\t\t\t<p>Un aspecto muy importante a la hora de adquirir un nuevo software es contar con la asistencia t\u00e9cnica necesaria, que le permita solucionar cualquier tipo de problemas relacionados con la instalaci\u00f3n, funcionamiento y mantenimiento del software.<\/p><p>El equipo de Microvisoin Software hace todo esto posible, brindando soluciones efectivas a distancia por medio de las plataformas Teamviewer, Anydesk y WhatsApp.<\/p><p>Te ayudaremos en cada etapa del procedimiento de prueba y actualizaci\u00f3n del equipo. Tambi\u00e9n atenderemos cada una de tus consultas y te brindaremos atenci\u00f3n personalizada en la demostraci\u00f3n del software.\u00a0<\/p><p>Cuando sea necesario realizar tareas de ajustes y mantenimiento lo haremos previa coordinaci\u00f3n de d\u00eda y horario. Nuestro compromiso con el cliente es la meta que cumplimos d\u00eda tras d\u00eda y algo muy importante, el servicio de soporte online es totalmente gratuito.<\/p><p>Env\u00edenos un mensaje con el detalle de la asistencia requerida y en breve nos comunicaremos contigo.<\/p>\t\t\t\t\t\t\t\t<\/div>\n\t\t\t\t<\/div>\n\t\t\t\t\t<\/div>\n\t\t<\/div>\n\t\t\t\t<div class=\"elementor-column elementor-col-50 elementor-top-column elementor-element elementor-element-b59b4fd\" data-id=\"b59b4fd\" data-element_type=\"column\" data-e-type=\"column\">\n\t\t\t<div class=\"elementor-widget-wrap elementor-element-populated\">\n\t\t\t\t\t\t<div class=\"elementor-element elementor-element-cf99d04 elementor-widget__width-initial elementor-widget elementor-widget-image\" data-id=\"cf99d04\" data-element_type=\"widget\" data-e-type=\"widget\" data-widget_type=\"image.default\">\n\t\t\t\t<div class=\"elementor-widget-container\">\n\t\t\t\t\t\t\t\t\t\t\t\t\t\t\t<img fetchpriority=\"high\" decoding=\"async\" width=\"683\" height=\"1024\" src=\"https:\/\/microvision-software.com\/wp-content\/uploads\/2026\/03\/Soporte-Online_EN_LQ-683x1024.jpg\" class=\"attachment-large size-large wp-image-6982\" alt=\"\" srcset=\"https:\/\/microvision-software.com\/wp-content\/uploads\/2026\/03\/Soporte-Online_EN_LQ-683x1024.jpg 683w, https:\/\/microvision-software.com\/wp-content\/uploads\/2026\/03\/Soporte-Online_EN_LQ-200x300.jpg 200w, https:\/\/microvision-software.com\/wp-content\/uploads\/2026\/03\/Soporte-Online_EN_LQ-768x1152.jpg 768w, https:\/\/microvision-software.com\/wp-content\/uploads\/2026\/03\/Soporte-Online_EN_LQ-8x12.jpg 8w, https:\/\/microvision-software.com\/wp-content\/uploads\/2026\/03\/Soporte-Online_EN_LQ.jpg 1024w\" sizes=\"(max-width: 683px) 100vw, 683px\" \/>\t\t\t\t\t\t\t\t\t\t\t\t\t\t\t<\/div>\n\t\t\t\t<\/div>\n\t\t\t\t\t<\/div>\n\t\t<\/div>\n\t\t\t\t\t<\/div>\n\t\t<\/section>\n\t\t\t\t<section class=\"elementor-section elementor-top-section elementor-element elementor-element-1f9b412 elementor-section-boxed elementor-section-height-default elementor-section-height-default\" data-id=\"1f9b412\" data-element_type=\"section\" data-e-type=\"section\">\n\t\t\t\t\t\t<div class=\"elementor-container elementor-column-gap-default\">\n\t\t\t\t\t<div class=\"elementor-column elementor-col-100 elementor-top-column elementor-element elementor-element-28bc949\" data-id=\"28bc949\" data-element_type=\"column\" data-e-type=\"column\">\n\t\t\t<div class=\"elementor-widget-wrap\">\n\t\t\t\t\t\t\t<\/div>\n\t\t<\/div>\n\t\t\t\t\t<\/div>\n\t\t<\/section>\n\t\t\t\t<section class=\"elementor-section elementor-top-section elementor-element elementor-element-88bd846 elementor-section-height-min-height elementor-section-boxed elementor-section-height-default elementor-section-items-middle\" data-id=\"88bd846\" data-element_type=\"section\" data-e-type=\"section\">\n\t\t\t\t\t\t<div class=\"elementor-container elementor-column-gap-default\">\n\t\t\t\t\t<div class=\"elementor-column elementor-col-100 elementor-top-column elementor-element elementor-element-e23122a\" data-id=\"e23122a\" data-element_type=\"column\" data-e-type=\"column\">\n\t\t\t<div class=\"elementor-widget-wrap elementor-element-populated\">\n\t\t\t\t\t\t<div class=\"elementor-element elementor-element-258d1e9 elementor-widget elementor-widget-heading\" data-id=\"258d1e9\" data-element_type=\"widget\" data-e-type=\"widget\" data-widget_type=\"heading.default\">\n\t\t\t\t<div class=\"elementor-widget-container\">\n\t\t\t\t\t<h1 class=\"elementor-heading-title elementor-size-default\">Software Arco C- Siremobil, OEC, Stenoscop, Ziehm, Phillips<\/h1>\t\t\t\t<\/div>\n\t\t\t\t<\/div>\n\t\t\t\t\t<\/div>\n\t\t<\/div>\n\t\t\t\t\t<\/div>\n\t\t<\/section>\n\t\t\t\t<\/div>\n\t\t","protected":false},"excerpt":{"rendered":"<p>SOPORTE ONLINE Brindamos atenci\u00f3n t\u00e9cnica online a todos nuestros clientes Un aspecto muy importante a la hora de adquirir un nuevo software es contar con la asistencia t\u00e9cnica necesaria, que le permita solucionar cualquier tipo de problemas relacionados con la instalaci\u00f3n, funcionamiento y mantenimiento del software. El equipo de Microvisoin Software hace todo esto posible, [&hellip;]<\/p>\n","protected":false},"author":1,"featured_media":0,"parent":0,"menu_order":0,"comment_status":"closed","ping_status":"closed","template":"elementor_header_footer","meta":{"_monsterinsights_skip_tracking":false,"_monsterinsights_sitenote_active":false,"_monsterinsights_sitenote_note":"","_monsterinsights_sitenote_category":0,"footnotes":""},"class_list":["post-447","page","type-page","status-publish","hentry"],"aioseo_notices":[],"_links":{"self":[{"href":"https:\/\/microvision-software.com\/en\/wp-json\/wp\/v2\/pages\/447","targetHints":{"allow":["GET"]}}],"collection":[{"href":"https:\/\/microvision-software.com\/en\/wp-json\/wp\/v2\/pages"}],"about":[{"href":"https:\/\/microvision-software.com\/en\/wp-json\/wp\/v2\/types\/page"}],"author":[{"embeddable":true,"href":"https:\/\/microvision-software.com\/en\/wp-json\/wp\/v2\/users\/1"}],"replies":[{"embeddable":true,"href":"https:\/\/microvision-software.com\/en\/wp-json\/wp\/v2\/comments?post=447"}],"version-history":[{"count":19,"href":"https:\/\/microvision-software.com\/en\/wp-json\/wp\/v2\/pages\/447\/revisions"}],"predecessor-version":[{"id":6999,"href":"https:\/\/microvision-software.com\/en\/wp-json\/wp\/v2\/pages\/447\/revisions\/6999"}],"wp:attachment":[{"href":"https:\/\/microvision-software.com\/en\/wp-json\/wp\/v2\/media?parent=447"}],"curies":[{"name":"wp","href":"https:\/\/api.w.org\/{rel}","templated":true}]}}